{"id":474,"date":"2023-09-21T12:35:22","date_gmt":"2023-09-21T12:35:22","guid":{"rendered":"https:\/\/idea-trans.ch\/about\/"},"modified":"2024-12-12T10:55:25","modified_gmt":"2024-12-12T10:55:25","slug":"about","status":"publish","type":"page","link":"https:\/\/idea-trans.ch\/it\/about\/","title":{"rendered":"Azienda"},"content":{"rendered":"<div data-elementor-type=\"wp-post\" data-elementor-id=\"474\" class=\"elementor elementor-474\" data-elementor-post-type=\"page\">\n\t\t\t\t\t\t<section class=\"elementor-section elementor-top-section elementor-element elementor-element-5ed20551 elementor-section-height-min-height elementor-section-boxed elementor-section-height-default elementor-section-items-middle\" data-id=\"5ed20551\" data-element_type=\"section\" data-e-type=\"section\" data-settings=\"{&quot;background_background&quot;:&quot;classic&quot;}\">\n\t\t\t\t\t\t<div class=\"elementor-container elementor-column-gap-default\">\n\t\t\t\t\t<div class=\"elementor-column elementor-col-100 elementor-top-column elementor-element elementor-element-5cda4747\" data-id=\"5cda4747\" data-element_type=\"column\" data-e-type=\"column\">\n\t\t\t<div class=\"elementor-widget-wrap elementor-element-populated\">\n\t\t\t\t\t\t<div class=\"elementor-element elementor-element-4c675bcc elementor-widget elementor-widget-heading\" data-id=\"4c675bcc\" data-element_type=\"widget\" data-e-type=\"widget\" data-widget_type=\"heading.default\">\n\t\t\t\t<div class=\"elementor-widget-container\">\n\t\t\t\t\t<h1 class=\"elementor-heading-title elementor-size-default\">Azienda<\/h1>\t\t\t\t<\/div>\n\t\t\t\t<\/div>\n\t\t\t\t\t<\/div>\n\t\t<\/div>\n\t\t\t\t\t<\/div>\n\t\t<\/section>\n\t\t\t\t<section class=\"elementor-section elementor-top-section elementor-element elementor-element-dcd1d17 elementor-section-boxed elementor-section-height-default elementor-section-height-default\" data-id=\"dcd1d17\" data-element_type=\"section\" data-e-type=\"section\">\n\t\t\t\t\t\t<div class=\"elementor-container elementor-column-gap-default\">\n\t\t\t\t\t<div class=\"elementor-column elementor-col-33 elementor-top-column elementor-element elementor-element-ffeab86\" data-id=\"ffeab86\" data-element_type=\"column\" data-e-type=\"column\">\n\t\t\t<div class=\"elementor-widget-wrap elementor-element-populated\">\n\t\t\t\t\t\t<div class=\"elementor-element elementor-element-60b42ed elementor-widget elementor-widget-heading\" data-id=\"60b42ed\" data-element_type=\"widget\" data-e-type=\"widget\" data-widget_type=\"heading.default\">\n\t\t\t\t<div class=\"elementor-widget-container\">\n\t\t\t\t\t<h2 class=\"elementor-heading-title elementor-size-default translation-block\">Il nostro team<\/h2>\t\t\t\t<\/div>\n\t\t\t\t<\/div>\n\t\t\t\t\t<\/div>\n\t\t<\/div>\n\t\t\t\t<div class=\"elementor-column elementor-col-33 elementor-top-column elementor-element elementor-element-b6ef26a\" data-id=\"b6ef26a\" data-element_type=\"column\" data-e-type=\"column\">\n\t\t\t<div class=\"elementor-widget-wrap elementor-element-populated\">\n\t\t\t\t\t\t<div class=\"elementor-element elementor-element-2e34fb0b elementor-widget__width-initial elementor-widget-tablet__width-initial elementor-position-top elementor-widget elementor-widget-image-box\" data-id=\"2e34fb0b\" data-element_type=\"widget\" data-e-type=\"widget\" data-widget_type=\"image-box.default\">\n\t\t\t\t<div class=\"elementor-widget-container\">\n\t\t\t\t\t<div class=\"elementor-image-box-wrapper\"><figure class=\"elementor-image-box-img\"><img fetchpriority=\"high\" decoding=\"async\" width=\"400\" height=\"400\" src=\"https:\/\/idea-trans.ch\/wp-content\/uploads\/2024\/12\/elena.png\" class=\"attachment-full size-full wp-image-1599\" alt=\"\" srcset=\"https:\/\/idea-trans.ch\/wp-content\/uploads\/2024\/12\/elena.png 400w, https:\/\/idea-trans.ch\/wp-content\/uploads\/2024\/12\/elena-300x300.png 300w, https:\/\/idea-trans.ch\/wp-content\/uploads\/2024\/12\/elena-150x150.png 150w, https:\/\/idea-trans.ch\/wp-content\/uploads\/2024\/12\/elena-12x12.png 12w\" sizes=\"(max-width: 400px) 100vw, 400px\" \/><\/figure><div class=\"elementor-image-box-content\"><h3 class=\"elementor-image-box-title\">Elena Mana<\/h3><\/div><\/div>\t\t\t\t<\/div>\n\t\t\t\t<\/div>\n\t\t\t\t\t<\/div>\n\t\t<\/div>\n\t\t\t\t<div class=\"elementor-column elementor-col-33 elementor-top-column elementor-element elementor-element-00f6648\" data-id=\"00f6648\" data-element_type=\"column\" data-e-type=\"column\">\n\t\t\t<div class=\"elementor-widget-wrap elementor-element-populated\">\n\t\t\t\t\t\t<div class=\"elementor-element elementor-element-732c7de elementor-widget__width-initial elementor-widget-tablet__width-initial elementor-position-top elementor-widget elementor-widget-image-box\" data-id=\"732c7de\" data-element_type=\"widget\" data-e-type=\"widget\" data-widget_type=\"image-box.default\">\n\t\t\t\t<div class=\"elementor-widget-container\">\n\t\t\t\t\t<div class=\"elementor-image-box-wrapper\"><figure class=\"elementor-image-box-img\"><img decoding=\"async\" width=\"400\" height=\"400\" src=\"https:\/\/idea-trans.ch\/wp-content\/uploads\/2024\/12\/rosi.png\" class=\"attachment-full size-full wp-image-1598\" alt=\"\" srcset=\"https:\/\/idea-trans.ch\/wp-content\/uploads\/2024\/12\/rosi.png 400w, https:\/\/idea-trans.ch\/wp-content\/uploads\/2024\/12\/rosi-300x300.png 300w, https:\/\/idea-trans.ch\/wp-content\/uploads\/2024\/12\/rosi-150x150.png 150w, https:\/\/idea-trans.ch\/wp-content\/uploads\/2024\/12\/rosi-12x12.png 12w\" sizes=\"(max-width: 400px) 100vw, 400px\" \/><\/figure><div class=\"elementor-image-box-content\"><h3 class=\"elementor-image-box-title\">Rosamaria Gizzi Ranu<\/h3><\/div><\/div>\t\t\t\t<\/div>\n\t\t\t\t<\/div>\n\t\t\t\t\t<\/div>\n\t\t<\/div>\n\t\t\t\t\t<\/div>\n\t\t<\/section>\n\t\t\t\t<section class=\"elementor-section elementor-top-section elementor-element elementor-element-724f889c elementor-reverse-tablet elementor-reverse-mobile elementor-section-boxed elementor-section-height-default elementor-section-height-default\" data-id=\"724f889c\" data-element_type=\"section\" data-e-type=\"section\">\n\t\t\t\t\t\t<div class=\"elementor-container elementor-column-gap-default\">\n\t\t\t\t\t<div class=\"elementor-column elementor-col-50 elementor-top-column elementor-element elementor-element-33297960\" data-id=\"33297960\" data-element_type=\"column\" data-e-type=\"column\">\n\t\t\t<div class=\"elementor-widget-wrap elementor-element-populated\">\n\t\t\t\t\t\t<div class=\"elementor-element elementor-element-218d1d2 elementor-widget elementor-widget-text-editor\" data-id=\"218d1d2\" data-element_type=\"widget\" data-e-type=\"widget\" data-widget_type=\"text-editor.default\">\n\t\t\t\t<div class=\"elementor-widget-container\">\n\t\t\t\t\t\t\t\t\t<ul><li>\u00a0Tutti i dipendenti parlano svizzero tedesco, tedesco, italiano, francese e inglese.<\/li><li>Tutti I clienti \/ fornitori vengono contattati direttamente da Chiasso e sempre aggiornati.<\/li><li>Cordialit\u00e0, disponibilit\u00e0, affidabilit\u00e0 e flessibilit\u00e0 sono per noi un dato di fatto.<\/li><li>Con noi il cliente deve sentire i vantaggi della piccola impresa: stretti rapporti personali con i clienti, processi decisionali rapidi, servizi individuali.<\/li><li>Fiducia e affidabilit\u00e0 sono componenti importanti di una relazione con il cliente a lungo termine.<\/li><li>Vogliamo dare pi\u00f9 di quanto ci viene chiesto.<\/li><\/ul>\t\t\t\t\t\t\t\t<\/div>\n\t\t\t\t<\/div>\n\t\t\t\t\t<\/div>\n\t\t<\/div>\n\t\t\t\t<div class=\"elementor-column elementor-col-50 elementor-top-column elementor-element elementor-element-4e41b254\" data-id=\"4e41b254\" data-element_type=\"column\" data-e-type=\"column\">\n\t\t\t<div class=\"elementor-widget-wrap elementor-element-populated\">\n\t\t\t\t\t\t<div class=\"elementor-element elementor-element-6477409f elementor-widget elementor-widget-heading\" data-id=\"6477409f\" data-element_type=\"widget\" data-e-type=\"widget\" data-widget_type=\"heading.default\">\n\t\t\t\t<div class=\"elementor-widget-container\">\n\t\t\t\t\t<h2 class=\"elementor-heading-title elementor-size-default\">La nostra filosofia<\/h2>\t\t\t\t<\/div>\n\t\t\t\t<\/div>\n\t\t\t\t\t<\/div>\n\t\t<\/div>\n\t\t\t\t\t<\/div>\n\t\t<\/section>\n\t\t\t\t<section class=\"elementor-section elementor-top-section elementor-element elementor-element-19854e1b elementor-section-boxed elementor-section-height-default elementor-section-height-default\" data-id=\"19854e1b\" data-element_type=\"section\" data-e-type=\"section\">\n\t\t\t\t\t\t<div class=\"elementor-container elementor-column-gap-default\">\n\t\t\t\t\t<div class=\"elementor-column elementor-col-100 elementor-top-column elementor-element elementor-element-48fd6f7e\" data-id=\"48fd6f7e\" data-element_type=\"column\" data-e-type=\"column\">\n\t\t\t<div class=\"elementor-widget-wrap elementor-element-populated\">\n\t\t\t\t\t\t<div class=\"elementor-element elementor-element-5b7be3ba elementor-widget elementor-widget-heading\" data-id=\"5b7be3ba\" data-element_type=\"widget\" data-e-type=\"widget\" data-widget_type=\"heading.default\">\n\t\t\t\t<div class=\"elementor-widget-container\">\n\t\t\t\t\t<h2 class=\"elementor-heading-title elementor-size-default\">Cifre <\/h2>\t\t\t\t<\/div>\n\t\t\t\t<\/div>\n\t\t\t\t\t<\/div>\n\t\t<\/div>\n\t\t\t\t\t<\/div>\n\t\t<\/section>\n\t\t\t\t<section class=\"elementor-section elementor-top-section elementor-element elementor-element-b2a14c0 elementor-section-boxed elementor-section-height-default elementor-section-height-default\" data-id=\"b2a14c0\" data-element_type=\"section\" data-e-type=\"section\">\n\t\t\t\t\t\t<div class=\"elementor-container elementor-column-gap-default\">\n\t\t\t\t\t<div class=\"elementor-column elementor-col-100 elementor-top-column elementor-element elementor-element-6f648e03\" data-id=\"6f648e03\" data-element_type=\"column\" data-e-type=\"column\">\n\t\t\t<div class=\"elementor-widget-wrap elementor-element-populated\">\n\t\t\t\t\t\t<div class=\"elementor-element elementor-element-48d3c4a4 eael-dt-th-align-mobile-left eael-dt-th-align-left elementor-widget elementor-widget-eael-data-table\" data-id=\"48d3c4a4\" data-element_type=\"widget\" data-e-type=\"widget\" data-widget_type=\"eael-data-table.default\">\n\t\t\t\t<div class=\"elementor-widget-container\">\n\t\t\t\t\t\t\t<div class=\"eael-data-table-wrap\" data-table_id=\"48d3c4a4\" id=\"eael-data-table-wrapper-48d3c4a4\" data-custom_responsive=\"false\">\n\t\t\t<table class=\"tablesorter eael-data-table\" id=\"eael-data-table-48d3c4a4\">\n\t\t\t    <thead>\n\t\t\t        <tr class=\"table-header\">\n\t\t\t\t\t\t\t\t\t            <th class=\"\" id=\"\" colspan=\"\">\n\t\t\t\t\t\t\t\t\t\t\t\t\t\t<span class=\"data-table-header-text\">Cifre<\/span><\/th>\n\t\t\t        \t\t\t\t            <th class=\"\" id=\"\" colspan=\"\">\n\t\t\t\t\t\t\t\t\t\t\t\t\t\t<span class=\"data-table-header-text\"><\/span><\/th>\n\t\t\t        \t\t\t\t        <\/tr>\n\t\t\t    <\/thead>\n\t\t\t  \t<tbody>\n\t\t\t\t\t\t\t\t\t\t\t<tr>\n\t\t\t\t\t\t\t\t\t\t\t\t\t\t\t\t   \t\t\t\t\t\t\t\t\t\t\t<td colspan=\"\" rowspan=\"\" class=\"\" id=\"\">\n\t\t\t\t\t\t\t\t\t\t\t\t<div class=\"td-content-wrapper\"><div class=\"td-content\">\n\t\t\t\t\t\t\t\t\t\t\t\t\tAnno di fondazione\t\t\t\t\t\t\t\t\t\t\t\t<\/div><\/div>\n\t\t\t\t\t\t\t\t\t\t\t<\/td>\n\t\t\t\t\t\t\t\t\t\t\t\t\t\t\t\t\t\t\t\t\t\t\t\t\t\t\t\t\t   \t\t\t\t\t\t\t\t\t\t\t<td colspan=\"\" rowspan=\"\" class=\"\" id=\"\">\n\t\t\t\t\t\t\t\t\t\t\t\t<div class=\"td-content-wrapper\"><div class=\"td-content\">\n\t\t\t\t\t\t\t\t\t\t\t\t\t1995\t\t\t\t\t\t\t\t\t\t\t\t<\/div><\/div>\n\t\t\t\t\t\t\t\t\t\t\t<\/td>\n\t\t\t\t\t\t\t\t\t\t\t\t\t\t\t\t\t\t\t\t\t\t\t\t\t\t<\/tr>\n\t\t\t        \t\t\t\t\t\t<tr>\n\t\t\t\t\t\t\t\t\t\t\t\t\t<\/tr>\n\t\t\t        \t\t\t\t\t\t<tr>\n\t\t\t\t\t\t\t\t\t\t\t\t\t\t\t\t   \t\t\t\t\t\t\t\t\t\t\t<td colspan=\"\" rowspan=\"\" class=\"\" id=\"\">\n\t\t\t\t\t\t\t\t\t\t\t\t<div class=\"td-content-wrapper\"><div class=\"td-content\">\n\t\t\t\t\t\t\t\t\t\t\t\t\tSede sociale\t\t\t\t\t\t\t\t\t\t\t\t<\/div><\/div>\n\t\t\t\t\t\t\t\t\t\t\t<\/td>\n\t\t\t\t\t\t\t\t\t\t\t\t\t\t\t\t\t\t\t\t\t\t\t\t\t\t\t\t\t   \t\t\t\t\t\t\t\t\t\t\t<td colspan=\"\" rowspan=\"\" class=\"\" id=\"\">\n\t\t\t\t\t\t\t\t\t\t\t\t<div class=\"td-content-wrapper\"><div class=\"td-content\">\n\t\t\t\t\t\t\t\t\t\t\t\t\tVia Volta 16, 6830 Chiasso\t\t\t\t\t\t\t\t\t\t\t\t<\/div><\/div>\n\t\t\t\t\t\t\t\t\t\t\t<\/td>\n\t\t\t\t\t\t\t\t\t\t\t\t\t\t\t\t\t\t\t\t\t\t\t\t\t\t<\/tr>\n\t\t\t        \t\t\t\t\t\t<tr>\n\t\t\t\t\t\t\t\t\t\t\t\t\t\t\t\t   \t\t\t\t\t\t\t\t\t\t\t<td colspan=\"\" rowspan=\"\" class=\"\" id=\"\">\n\t\t\t\t\t\t\t\t\t\t\t\t<div class=\"td-content-wrapper\"><div class=\"td-content\">\n\t\t\t\t\t\t\t\t\t\t\t\t\tNo. IVA: \t\t\t\t\t\t\t\t\t\t\t\t<\/div><\/div>\n\t\t\t\t\t\t\t\t\t\t\t<\/td>\n\t\t\t\t\t\t\t\t\t\t\t\t\t\t\t\t\t\t\t\t\t\t\t\t\t\t\t\t\t   \t\t\t\t\t\t\t\t\t\t\t<td colspan=\"\" rowspan=\"\" class=\"\" id=\"\">\n\t\t\t\t\t\t\t\t\t\t\t\t<div class=\"td-content-wrapper\"><div class=\"td-content\">\n\t\t\t\t\t\t\t\t\t\t\t\t\tCHE-108.318.417\t\t\t\t\t\t\t\t\t\t\t\t<\/div><\/div>\n\t\t\t\t\t\t\t\t\t\t\t<\/td>\n\t\t\t\t\t\t\t\t\t\t\t\t\t\t\t\t\t\t\t\t\t\t\t\t\t\t<\/tr>\n\t\t\t        \t\t\t\t\t\t<tr>\n\t\t\t\t\t\t\t\t\t\t\t\t\t\t\t\t   \t\t\t\t\t\t\t\t\t\t\t<td colspan=\"\" rowspan=\"\" class=\"\" id=\"\">\n\t\t\t\t\t\t\t\t\t\t\t\t<div class=\"td-content-wrapper\"><div class=\"td-content\">\n\t\t\t\t\t\t\t\t\t\t\t\t\tCoordinate bancarie\t\t\t\t\t\t\t\t\t\t\t\t<\/div><\/div>\n\t\t\t\t\t\t\t\t\t\t\t<\/td>\n\t\t\t\t\t\t\t\t\t\t\t\t\t\t\t\t\t\t\t\t\t\t\t\t\t\t\t\t\t   \t\t\t\t\t\t\t\t\t\t\t<td colspan=\"\" rowspan=\"\" class=\"\" id=\"\">\n\t\t\t\t\t\t\t\t\t\t\t\t<div class=\"td-content-wrapper\"><div class=\"td-content\">\n\t\t\t\t\t\t\t\t\t\t\t\t\tUBS AG, 6830 Chiasso\t\t\t\t\t\t\t\t\t\t\t\t<\/div><\/div>\n\t\t\t\t\t\t\t\t\t\t\t<\/td>\n\t\t\t\t\t\t\t\t\t\t\t\t\t\t\t\t\t\t\t\t\t\t\t\t\t\t<\/tr>\n\t\t\t        \t\t\t    <\/tbody>\n\t\t\t<\/table>\n\t\t<\/div>\n\t  \t\t\t\t\t<\/div>\n\t\t\t\t<\/div>\n\t\t\t\t\t<\/div>\n\t\t<\/div>\n\t\t\t\t\t<\/div>\n\t\t<\/section>\n\t\t\t\t<\/div>","protected":false},"excerpt":{"rendered":"<p>\u00dcber uns UnserTeam Elena Mana Rosamaria Gizzi Ranu \u00a0Alle Mitarbeiter sprechen schweizerdeutsch, deutsch, italienisch, franz\u00f6sich und englisch. Ihre Kunden \/ Lieferanten werden direkt von Chiasso aus kontaktiert und immer auf dem Laufenden gehalten. Freundlichkeit, Hilfsbereitschaft, Zuverl\u00e4ssigkeit und Flexibilit\u00e4t sind bei uns selbstverst\u00e4ndlich. Bei uns muss der Kunde die Vorteile des Kleinbetriebs sp\u00fcren; enge Kundenbeziehung, schnelle [&hellip;]<\/p>\n","protected":false},"author":1,"featured_media":477,"parent":0,"menu_order":0,"comment_status":"closed","ping_status":"closed","template":"elementor_header_footer","meta":{"footnotes":""},"class_list":["post-474","page","type-page","status-publish","has-post-thumbnail","hentry"],"yoast_head":"<!-- This site is optimized with the Yoast SEO plugin v27.3 - https:\/\/yoast.com\/product\/yoast-seo-wordpress\/ -->\n<title>\u00dcber uns - Idea-Trans Sagl Internationale Transporte<\/title>\n<meta name=\"robots\" content=\"index, follow, max-snippet:-1, max-image-preview:large, max-video-preview:-1\" \/>\n<link rel=\"canonical\" href=\"https:\/\/idea-trans.ch\/it\/about\/\" \/>\n<meta property=\"og:locale\" content=\"it_IT\" \/>\n<meta property=\"og:type\" content=\"article\" \/>\n<meta property=\"og:title\" content=\"\u00dcber uns - Idea-Trans Sagl Internationale Transporte\" \/>\n<meta property=\"og:description\" content=\"\u00dcber uns UnserTeam Elena Mana Rosamaria Gizzi Ranu \u00a0Alle Mitarbeiter sprechen schweizerdeutsch, deutsch, italienisch, franz\u00f6sich und englisch. Ihre Kunden \/ Lieferanten werden direkt von Chiasso aus kontaktiert und immer auf dem Laufenden gehalten. Freundlichkeit, Hilfsbereitschaft, Zuverl\u00e4ssigkeit und Flexibilit\u00e4t sind bei uns selbstverst\u00e4ndlich. Bei uns muss der Kunde die Vorteile des Kleinbetriebs sp\u00fcren; enge Kundenbeziehung, schnelle [&hellip;]\" \/>\n<meta property=\"og:url\" content=\"https:\/\/idea-trans.ch\/it\/about\/\" \/>\n<meta property=\"og:site_name\" content=\"Idea-Trans Sagl Internationale Transporte\" \/>\n<meta property=\"article:modified_time\" content=\"2024-12-12T10:55:25+00:00\" \/>\n<meta property=\"og:image\" content=\"https:\/\/idea-trans.ch\/wp-content\/uploads\/2023\/09\/About.jpg\" \/>\n\t<meta property=\"og:image:width\" content=\"400\" \/>\n\t<meta property=\"og:image:height\" content=\"380\" \/>\n\t<meta property=\"og:image:type\" content=\"image\/jpeg\" \/>\n<meta name=\"twitter:card\" content=\"summary_large_image\" \/>\n<meta name=\"twitter:label1\" content=\"Tempo di lettura stimato\" \/>\n\t<meta name=\"twitter:data1\" content=\"1 minuto\" \/>\n<script type=\"application\/ld+json\" class=\"yoast-schema-graph\">{\"@context\":\"https:\\\/\\\/schema.org\",\"@graph\":[{\"@type\":\"WebPage\",\"@id\":\"https:\\\/\\\/idea-trans.ch\\\/about\\\/\",\"url\":\"https:\\\/\\\/idea-trans.ch\\\/about\\\/\",\"name\":\"\u00dcber uns - Idea-Trans Sagl Internationale Transporte\",\"isPartOf\":{\"@id\":\"https:\\\/\\\/idea-trans.ch\\\/#website\"},\"primaryImageOfPage\":{\"@id\":\"https:\\\/\\\/idea-trans.ch\\\/about\\\/#primaryimage\"},\"image\":{\"@id\":\"https:\\\/\\\/idea-trans.ch\\\/about\\\/#primaryimage\"},\"thumbnailUrl\":\"https:\\\/\\\/idea-trans.ch\\\/wp-content\\\/uploads\\\/2023\\\/09\\\/About.jpg\",\"datePublished\":\"2023-09-21T12:35:22+00:00\",\"dateModified\":\"2024-12-12T10:55:25+00:00\",\"breadcrumb\":{\"@id\":\"https:\\\/\\\/idea-trans.ch\\\/about\\\/#breadcrumb\"},\"inLanguage\":\"it-IT\",\"potentialAction\":[{\"@type\":\"ReadAction\",\"target\":[\"https:\\\/\\\/idea-trans.ch\\\/about\\\/\"]}]},{\"@type\":\"ImageObject\",\"inLanguage\":\"it-IT\",\"@id\":\"https:\\\/\\\/idea-trans.ch\\\/about\\\/#primaryimage\",\"url\":\"https:\\\/\\\/idea-trans.ch\\\/wp-content\\\/uploads\\\/2023\\\/09\\\/About.jpg\",\"contentUrl\":\"https:\\\/\\\/idea-trans.ch\\\/wp-content\\\/uploads\\\/2023\\\/09\\\/About.jpg\",\"width\":400,\"height\":380},{\"@type\":\"BreadcrumbList\",\"@id\":\"https:\\\/\\\/idea-trans.ch\\\/about\\\/#breadcrumb\",\"itemListElement\":[{\"@type\":\"ListItem\",\"position\":1,\"name\":\"Startseite\",\"item\":\"https:\\\/\\\/idea-trans.ch\\\/\"},{\"@type\":\"ListItem\",\"position\":2,\"name\":\"\u00dcber uns\"}]},{\"@type\":\"WebSite\",\"@id\":\"https:\\\/\\\/idea-trans.ch\\\/#website\",\"url\":\"https:\\\/\\\/idea-trans.ch\\\/\",\"name\":\"Idea-Trans Sagl Internationale Transporte\",\"description\":\"Internationale Transporte, Lagerung und Verzollungen\",\"publisher\":{\"@id\":\"https:\\\/\\\/idea-trans.ch\\\/#organization\"},\"potentialAction\":[{\"@type\":\"SearchAction\",\"target\":{\"@type\":\"EntryPoint\",\"urlTemplate\":\"https:\\\/\\\/idea-trans.ch\\\/?s={search_term_string}\"},\"query-input\":{\"@type\":\"PropertyValueSpecification\",\"valueRequired\":true,\"valueName\":\"search_term_string\"}}],\"inLanguage\":\"it-IT\"},{\"@type\":\"Organization\",\"@id\":\"https:\\\/\\\/idea-trans.ch\\\/#organization\",\"name\":\"Idea-Trans Sagl Internationale Transporte\",\"url\":\"https:\\\/\\\/idea-trans.ch\\\/\",\"logo\":{\"@type\":\"ImageObject\",\"inLanguage\":\"it-IT\",\"@id\":\"https:\\\/\\\/idea-trans.ch\\\/#\\\/schema\\\/logo\\\/image\\\/\",\"url\":\"https:\\\/\\\/idea-trans.ch\\\/wp-content\\\/uploads\\\/2023\\\/09\\\/Logo_IdeaTans.png\",\"contentUrl\":\"https:\\\/\\\/idea-trans.ch\\\/wp-content\\\/uploads\\\/2023\\\/09\\\/Logo_IdeaTans.png\",\"width\":1147,\"height\":503,\"caption\":\"Idea-Trans Sagl Internationale Transporte\"},\"image\":{\"@id\":\"https:\\\/\\\/idea-trans.ch\\\/#\\\/schema\\\/logo\\\/image\\\/\"}}]}<\/script>\n<!-- \/ Yoast SEO plugin. -->","yoast_head_json":{"title":"\u00dcber uns - Idea-Trans Sagl Internationale Transporte","robots":{"index":"index","follow":"follow","max-snippet":"max-snippet:-1","max-image-preview":"max-image-preview:large","max-video-preview":"max-video-preview:-1"},"canonical":"https:\/\/idea-trans.ch\/it\/about\/","og_locale":"it_IT","og_type":"article","og_title":"\u00dcber uns - Idea-Trans Sagl Internationale Transporte","og_description":"\u00dcber uns UnserTeam Elena Mana Rosamaria Gizzi Ranu \u00a0Alle Mitarbeiter sprechen schweizerdeutsch, deutsch, italienisch, franz\u00f6sich und englisch. Ihre Kunden \/ Lieferanten werden direkt von Chiasso aus kontaktiert und immer auf dem Laufenden gehalten. Freundlichkeit, Hilfsbereitschaft, Zuverl\u00e4ssigkeit und Flexibilit\u00e4t sind bei uns selbstverst\u00e4ndlich. Bei uns muss der Kunde die Vorteile des Kleinbetriebs sp\u00fcren; enge Kundenbeziehung, schnelle [&hellip;]","og_url":"https:\/\/idea-trans.ch\/it\/about\/","og_site_name":"Idea-Trans Sagl Internationale Transporte","article_modified_time":"2024-12-12T10:55:25+00:00","og_image":[{"width":400,"height":380,"url":"https:\/\/idea-trans.ch\/wp-content\/uploads\/2023\/09\/About.jpg","type":"image\/jpeg"}],"twitter_card":"summary_large_image","twitter_misc":{"Tempo di lettura stimato":"1 minuto"},"schema":{"@context":"https:\/\/schema.org","@graph":[{"@type":"WebPage","@id":"https:\/\/idea-trans.ch\/about\/","url":"https:\/\/idea-trans.ch\/about\/","name":"\u00dcber uns - Idea-Trans Sagl Internationale Transporte","isPartOf":{"@id":"https:\/\/idea-trans.ch\/#website"},"primaryImageOfPage":{"@id":"https:\/\/idea-trans.ch\/about\/#primaryimage"},"image":{"@id":"https:\/\/idea-trans.ch\/about\/#primaryimage"},"thumbnailUrl":"https:\/\/idea-trans.ch\/wp-content\/uploads\/2023\/09\/About.jpg","datePublished":"2023-09-21T12:35:22+00:00","dateModified":"2024-12-12T10:55:25+00:00","breadcrumb":{"@id":"https:\/\/idea-trans.ch\/about\/#breadcrumb"},"inLanguage":"it-IT","potentialAction":[{"@type":"ReadAction","target":["https:\/\/idea-trans.ch\/about\/"]}]},{"@type":"ImageObject","inLanguage":"it-IT","@id":"https:\/\/idea-trans.ch\/about\/#primaryimage","url":"https:\/\/idea-trans.ch\/wp-content\/uploads\/2023\/09\/About.jpg","contentUrl":"https:\/\/idea-trans.ch\/wp-content\/uploads\/2023\/09\/About.jpg","width":400,"height":380},{"@type":"BreadcrumbList","@id":"https:\/\/idea-trans.ch\/about\/#breadcrumb","itemListElement":[{"@type":"ListItem","position":1,"name":"Startseite","item":"https:\/\/idea-trans.ch\/"},{"@type":"ListItem","position":2,"name":"\u00dcber uns"}]},{"@type":"WebSite","@id":"https:\/\/idea-trans.ch\/#website","url":"https:\/\/idea-trans.ch\/","name":"Idea-Trans Sagl Internationale Transporte","description":"Internationale Transporte, Lagerung und Verzollungen","publisher":{"@id":"https:\/\/idea-trans.ch\/#organization"},"potentialAction":[{"@type":"SearchAction","target":{"@type":"EntryPoint","urlTemplate":"https:\/\/idea-trans.ch\/?s={search_term_string}"},"query-input":{"@type":"PropertyValueSpecification","valueRequired":true,"valueName":"search_term_string"}}],"inLanguage":"it-IT"},{"@type":"Organization","@id":"https:\/\/idea-trans.ch\/#organization","name":"Idea-Trans Sagl Internationale Transporte","url":"https:\/\/idea-trans.ch\/","logo":{"@type":"ImageObject","inLanguage":"it-IT","@id":"https:\/\/idea-trans.ch\/#\/schema\/logo\/image\/","url":"https:\/\/idea-trans.ch\/wp-content\/uploads\/2023\/09\/Logo_IdeaTans.png","contentUrl":"https:\/\/idea-trans.ch\/wp-content\/uploads\/2023\/09\/Logo_IdeaTans.png","width":1147,"height":503,"caption":"Idea-Trans Sagl Internationale Transporte"},"image":{"@id":"https:\/\/idea-trans.ch\/#\/schema\/logo\/image\/"}}]}},"_links":{"self":[{"href":"https:\/\/idea-trans.ch\/it\/wp-json\/wp\/v2\/pages\/474","targetHints":{"allow":["GET"]}}],"collection":[{"href":"https:\/\/idea-trans.ch\/it\/wp-json\/wp\/v2\/pages"}],"about":[{"href":"https:\/\/idea-trans.ch\/it\/wp-json\/wp\/v2\/types\/page"}],"author":[{"embeddable":true,"href":"https:\/\/idea-trans.ch\/it\/wp-json\/wp\/v2\/users\/1"}],"replies":[{"embeddable":true,"href":"https:\/\/idea-trans.ch\/it\/wp-json\/wp\/v2\/comments?post=474"}],"version-history":[{"count":91,"href":"https:\/\/idea-trans.ch\/it\/wp-json\/wp\/v2\/pages\/474\/revisions"}],"predecessor-version":[{"id":1614,"href":"https:\/\/idea-trans.ch\/it\/wp-json\/wp\/v2\/pages\/474\/revisions\/1614"}],"wp:featuredmedia":[{"embeddable":true,"href":"https:\/\/idea-trans.ch\/it\/wp-json\/wp\/v2\/media\/477"}],"wp:attachment":[{"href":"https:\/\/idea-trans.ch\/it\/wp-json\/wp\/v2\/media?parent=474"}],"curies":[{"name":"wp","href":"https:\/\/api.w.org\/{rel}","templated":true}]}}